{"id":1363,"date":"2021-08-23T18:32:53","date_gmt":"2021-08-23T16:32:53","guid":{"rendered":"http:\/\/oriodemiguel.com\/?page_id=1363"},"modified":"2021-09-30T15:38:28","modified_gmt":"2021-09-30T13:38:28","slug":"libro","status":"publish","type":"page","link":"http:\/\/oriodemiguel.com\/?page_id=1363","title":{"rendered":"PRESENTACI\u00d3N LIBRO 2021"},"content":{"rendered":"\n<div class=\"wp-block-columns is-layout-flex wp-container-core-columns-is-layout-9d6595d7 wp-block-columns-is-layout-flex\">\n<div class=\"wp-block-column is-layout-flow wp-block-column-is-layout-flow\">\n<div class=\"wp-block-columns is-layout-flex wp-container-core-columns-is-layout-9d6595d7 wp-block-columns-is-layout-flex\">\n<div class=\"wp-block-column is-layout-flow wp-block-column-is-layout-flow\" style=\"flex-basis:33.33%\">\n<figure class=\"wp-block-image alignfull size-large\"><img loading=\"lazy\" decoding=\"async\" width=\"1024\" height=\"1024\" src=\"http:\/\/oriodemiguel.com\/wp-content\/uploads\/2021\/08\/IMG-3404-1024x1024.jpg\" alt=\"\" class=\"wp-image-1394\" srcset=\"http:\/\/oriodemiguel.com\/wp-content\/uploads\/2021\/08\/IMG-3404-1024x1024.jpg 1024w, http:\/\/oriodemiguel.com\/wp-content\/uploads\/2021\/08\/IMG-3404-300x300.jpg 300w, http:\/\/oriodemiguel.com\/wp-content\/uploads\/2021\/08\/IMG-3404-150x150.jpg 150w, http:\/\/oriodemiguel.com\/wp-content\/uploads\/2021\/08\/IMG-3404-768x768.jpg 768w, http:\/\/oriodemiguel.com\/wp-content\/uploads\/2021\/08\/IMG-3404-1536x1536.jpg 1536w, http:\/\/oriodemiguel.com\/wp-content\/uploads\/2021\/08\/IMG-3404.jpg 2048w\" sizes=\"auto, (max-width: 1024px) 100vw, 1024px\" \/><\/figure>\n\n\n\n<div class=\"wp-block-cover\" style=\"min-height:889px;aspect-ratio:unset;\"><img loading=\"lazy\" decoding=\"async\" width=\"2048\" height=\"2048\" class=\"wp-block-cover__image-background wp-image-517\" alt=\"\" src=\"http:\/\/oriodemiguel.com\/wp-content\/uploads\/2021\/04\/IMG-2569-7.jpg\" data-object-fit=\"cover\" srcset=\"http:\/\/oriodemiguel.com\/wp-content\/uploads\/2021\/04\/IMG-2569-7.jpg 2048w, http:\/\/oriodemiguel.com\/wp-content\/uploads\/2021\/04\/IMG-2569-7-300x300.jpg 300w, http:\/\/oriodemiguel.com\/wp-content\/uploads\/2021\/04\/IMG-2569-7-1024x1024.jpg 1024w, http:\/\/oriodemiguel.com\/wp-content\/uploads\/2021\/04\/IMG-2569-7-150x150.jpg 150w, http:\/\/oriodemiguel.com\/wp-content\/uploads\/2021\/04\/IMG-2569-7-768x768.jpg 768w, http:\/\/oriodemiguel.com\/wp-content\/uploads\/2021\/04\/IMG-2569-7-1536x1536.jpg 1536w\" sizes=\"auto, (max-width: 2048px) 100vw, 2048px\" \/><div class=\"wp-block-cover__inner-container is-layout-flow wp-block-cover-is-layout-flow\">\n<h3 class=\"wp-block-heading\">\u201c<strong>Siempre y por todas partes y en todas las cosas todo es como aqu\u00ed. Es decir, la naturaleza es UNIFORME en el fondo de las cosas, aunque hay VARIEDAD&nbsp; en el m\u00e1s y en el menos y en los grados de perfecci\u00f3n\u201d<\/strong><\/h3>\n\n\n\n<h5 class=\"wp-block-heading\">(Texto 59.2)<\/h5>\n<\/div><\/div>\n<\/div>\n\n\n\n<div class=\"wp-block-column is-layout-flow wp-block-column-is-layout-flow\" style=\"flex-basis:66.66%\">\n<div class=\"wp-block-cover has-custom-content-position is-position-top-center\" style=\"min-height:1741px;aspect-ratio:unset;\"><img loading=\"lazy\" decoding=\"async\" width=\"2560\" height=\"1919\" class=\"wp-block-cover__image-background wp-image-1401\" alt=\"\" src=\"http:\/\/oriodemiguel.com\/wp-content\/uploads\/2021\/08\/IMG-3406-1-1-scaled.jpg\" data-object-fit=\"cover\" srcset=\"http:\/\/oriodemiguel.com\/wp-content\/uploads\/2021\/08\/IMG-3406-1-1-scaled.jpg 2560w, http:\/\/oriodemiguel.com\/wp-content\/uploads\/2021\/08\/IMG-3406-1-1-300x225.jpg 300w, http:\/\/oriodemiguel.com\/wp-content\/uploads\/2021\/08\/IMG-3406-1-1-1024x768.jpg 1024w, http:\/\/oriodemiguel.com\/wp-content\/uploads\/2021\/08\/IMG-3406-1-1-768x576.jpg 768w, http:\/\/oriodemiguel.com\/wp-content\/uploads\/2021\/08\/IMG-3406-1-1-1536x1151.jpg 1536w, http:\/\/oriodemiguel.com\/wp-content\/uploads\/2021\/08\/IMG-3406-1-1-2048x1535.jpg 2048w\" sizes=\"auto, (max-width: 2560px) 100vw, 2560px\" \/><div class=\"wp-block-cover__inner-container is-layout-flow wp-block-cover-is-layout-flow\">\n<h1 class=\"has-text-align-left wp-block-heading\"><strong>Leibniz. Variaciones sobre La Ciencia General. <em>Textos.<\/em><\/strong><\/h1>\n\n\n\n<h5 class=\"wp-block-heading\">Este libro no es simplemente una colecci\u00f3n de sucesivos fragmentos de los escritos del fil\u00f3sofo, sino la visi\u00f3n de conjunto de su pensamiento complejo entendiendo el mundo como un organismo vivo e interactivo, que Leibniz mismo asimilaba a veces a la interacci\u00f3n org\u00e1nica de los miembros corp\u00f3reos en la vida animal y otras veces comparaba con las diversas calles y plazas de la \u201cGran Ciudad\u201d, a cada una de las cuales se puede acceder y de cada una de ella salir hacia cualquier otra. A este universo \u00e9l lo llamaba Ciencia General.&nbsp;<\/h5>\n\n\n\n<div class=\"wp-block-buttons is-content-justification-center is-layout-flex wp-block-buttons-is-layout-flex\">\n<div class=\"wp-block-button\"><a class=\"wp-block-button__link\" href=\"http:\/\/oriodemiguel.com\/wp-content\/uploads\/2021\/07\/SUMARIO-web.pdf\" target=\"_blank\" rel=\"noreferrer noopener\">VER \u00cdNDICE<\/a><\/div>\n\n\n\n<div class=\"wp-block-button\"><a class=\"wp-block-button__link\" href=\"http:\/\/oriodemiguel.com\/wp-content\/uploads\/2021\/09\/EPI\u0301LOGO-y-prologo-web-.pdf\" target=\"_blank\" rel=\"noreferrer noopener\">EMPEZAR A LEER PR\u00d3LOGO<\/a><\/div>\n\n\n\n<div class=\"wp-block-button\"><a class=\"wp-block-button__link\" href=\"https:\/\/www.amazon.es\/Leibniz-Variaciones-Ciencia-General-Textos\/dp\/840931679X\/ref=sr_1_1?__mk_es_ES=\u00c5M\u00c5\u017d\u00d5\u00d1&amp;dchild=1&amp;keywords=Leibniz+variaciones+sobre+la+ciencia+general&amp;qid=1631965274&amp;sr=8-1\">\u00a1LO QUIERO!<\/a><\/div>\n<\/div>\n\n\n\n<h5 class=\"wp-block-heading\">Para ello se invierte el orden convencional com\u00fanmente admitido y practicado en los Manuales Introductorios al uso, y se da primac\u00eda en el cuerpo del libro a los textos mismos del fil\u00f3sofo de la manera m\u00e1s ancha y exhaustiva posible sin limitarme a garantizar mis afirmaciones sint\u00e9ticas con breves referencias textuales del fil\u00f3sofo en notas a pie de p\u00e1gina.<\/h5>\n\n\n\n<h5 class=\"wp-block-heading\">Por mi parte, tras la correspondiente \u201cPresentaci\u00f3n\u201d sint\u00e9tica con la que inicio cada Variaci\u00f3n, el cuerpo fundamental del libro \u2014las calles y plazas de la Ciudad\u2014 lo constituyen naturalmente los textos de acuerdo con las diversas ciencias que el fil\u00f3sofo practic\u00f3 o vislumbr\u00f3 como cient\u00edfico total que quer\u00eda ser. Y lo mismo que en el presente en la Gran Ciudad, encontrar\u00e1 el lector bien se\u00f1aladas y distribuidas las estaciones del metro suburbano, que son las notas a pie de p\u00e1gina; a trav\u00e9s de ellas podr\u00e1 trasladarse con facilidad de unas calles a otras, de unas ciencias a otras, observar lo que entre ellas tienen de com\u00fan y de espec\u00edfico, abreviar caminos, conectar rincones insospechados y quiz\u00e1s verificar mi hip\u00f3tesis; as\u00ed lo espero.<\/h5>\n<\/div><\/div>\n<\/div>\n<\/div>\n<\/div>\n<\/div>\n\n\n\n<div class=\"wp-block-cover\"><img loading=\"lazy\" decoding=\"async\" width=\"2048\" height=\"2048\" class=\"wp-block-cover__image-background wp-image-737\" alt=\"\" src=\"http:\/\/oriodemiguel.com\/wp-content\/uploads\/2021\/04\/IMG-2566-5.jpg\" data-object-fit=\"cover\" srcset=\"http:\/\/oriodemiguel.com\/wp-content\/uploads\/2021\/04\/IMG-2566-5.jpg 2048w, http:\/\/oriodemiguel.com\/wp-content\/uploads\/2021\/04\/IMG-2566-5-300x300.jpg 300w, http:\/\/oriodemiguel.com\/wp-content\/uploads\/2021\/04\/IMG-2566-5-1024x1024.jpg 1024w, http:\/\/oriodemiguel.com\/wp-content\/uploads\/2021\/04\/IMG-2566-5-150x150.jpg 150w, http:\/\/oriodemiguel.com\/wp-content\/uploads\/2021\/04\/IMG-2566-5-768x768.jpg 768w, http:\/\/oriodemiguel.com\/wp-content\/uploads\/2021\/04\/IMG-2566-5-1536x1536.jpg 1536w\" sizes=\"auto, (max-width: 2048px) 100vw, 2048px\" \/><div class=\"wp-block-cover__inner-container is-layout-flow wp-block-cover-is-layout-flow\">\n<h3 class=\"has-text-align-center wp-block-heading\"><strong>\u201c(\u2026) En \u00faltima instancia, todos los cuerpos se resuelven en vivientes. (\u2026) El organismo de los vivientes no es m\u00e1s que un mecanismo m\u00e1s divino que procede en sutilidad al infinito\u201d (\u2026)<\/strong><\/h3>\n\n\n\n<h5 class=\"has-text-align-center wp-block-heading\">(Texto 57.6\/1)<\/h5>\n<\/div><\/div>\n","protected":false},"excerpt":{"rendered":"","protected":false},"author":1,"featured_media":0,"parent":0,"menu_order":0,"comment_status":"closed","ping_status":"closed","template":"","meta":{"footnotes":""},"class_list":["post-1363","page","type-page","status-publish","hentry"],"_links":{"self":[{"href":"http:\/\/oriodemiguel.com\/index.php?rest_route=\/wp\/v2\/pages\/1363","targetHints":{"allow":["GET"]}}],"collection":[{"href":"http:\/\/oriodemiguel.com\/index.php?rest_route=\/wp\/v2\/pages"}],"about":[{"href":"http:\/\/oriodemiguel.com\/index.php?rest_route=\/wp\/v2\/types\/page"}],"author":[{"embeddable":true,"href":"http:\/\/oriodemiguel.com\/index.php?rest_route=\/wp\/v2\/users\/1"}],"replies":[{"embeddable":true,"href":"http:\/\/oriodemiguel.com\/index.php?rest_route=%2Fwp%2Fv2%2Fcomments&post=1363"}],"version-history":[{"count":82,"href":"http:\/\/oriodemiguel.com\/index.php?rest_route=\/wp\/v2\/pages\/1363\/revisions"}],"predecessor-version":[{"id":1553,"href":"http:\/\/oriodemiguel.com\/index.php?rest_route=\/wp\/v2\/pages\/1363\/revisions\/1553"}],"wp:attachment":[{"href":"http:\/\/oriodemiguel.com\/index.php?rest_route=%2Fwp%2Fv2%2Fmedia&parent=1363"}],"curies":[{"name":"wp","href":"https:\/\/api.w.org\/{rel}","templated":true}]}}