{"id":1710,"date":"2022-10-12T17:38:50","date_gmt":"2022-10-12T15:38:50","guid":{"rendered":"http:\/\/oriodemiguel.com\/?page_id=1710"},"modified":"2024-01-17T19:38:29","modified_gmt":"2024-01-17T18:38:29","slug":"la-filosofia-de-lady-anne-conway-un-proto-leibniz-2-2","status":"publish","type":"page","link":"http:\/\/oriodemiguel.com\/?page_id=1710","title":{"rendered":"LA FILOSOF\u00cdA DE LADY ANNE CONWAY. UN PROTO LEIBNIZ. 2022"},"content":{"rendered":"\n<div class=\"wp-block-media-text alignwide is-stacked-on-mobile\"><figure class=\"wp-block-media-text__media\"><img loading=\"lazy\" decoding=\"async\" width=\"739\" height=\"1024\" src=\"http:\/\/oriodemiguel.com\/wp-content\/uploads\/2022\/10\/IMG-5478-739x1024.jpg\" alt=\"\" class=\"wp-image-1685 size-full\" srcset=\"http:\/\/oriodemiguel.com\/wp-content\/uploads\/2022\/10\/IMG-5478-739x1024.jpg 739w, http:\/\/oriodemiguel.com\/wp-content\/uploads\/2022\/10\/IMG-5478-217x300.jpg 217w, http:\/\/oriodemiguel.com\/wp-content\/uploads\/2022\/10\/IMG-5478-768x1064.jpg 768w, http:\/\/oriodemiguel.com\/wp-content\/uploads\/2022\/10\/IMG-5478-1109x1536.jpg 1109w, http:\/\/oriodemiguel.com\/wp-content\/uploads\/2022\/10\/IMG-5478-1478x2048.jpg 1478w, http:\/\/oriodemiguel.com\/wp-content\/uploads\/2022\/10\/IMG-5478.jpg 1614w\" sizes=\"auto, (max-width: 739px) 100vw, 739px\" \/><\/figure><div class=\"wp-block-media-text__content\">\n<h3 class=\"wp-block-heading\"><strong>La filosof\u00eda de Lady Anne Conway. Un proto Leibniz<\/strong><\/h3>\n\n\n\n<h4 class=\"wp-block-heading\"><strong>\u201cPrincipia Philosophiae Antiquissimae et Recentissimae\u201d<\/strong><\/h4>\n\n\n\n<h6 class=\"wp-block-heading\"><strong>ISBN:<\/strong> 978-84-09-42727-7<\/h6>\n\n\n\n<h6 class=\"wp-block-heading\"><strong>Sinopsis: <\/strong><\/h6>\n\n\n\n<p class=\"has-drop-cap\">Inspirada en las elucubraciones de la k\u00e1bbalah luriana y de los paracelsistas-helmontianos, Lady Conway (1631-1679), precoz lectora de Descartes en la Inglaterra latitudinaria, sintetiza en sus Principia Philosophiae Antiquissimae et Recentissimae, una radical cosmovisi\u00f3n vitalista y monista que es, a la vez, un alegato antidualista frente a Descartes, una encendida reivindicaci\u00f3n espiritualista contra Hobbes y Spinoza, y una sagaz intuici\u00f3n, o quiz\u00e1s superaci\u00f3n, de la futura monadolog\u00eda de Leibniz. No hay, para la vizcondesa, una distinci\u00f3n real, sino s\u00f3lo modal o gradual, entre cuerpos y esp\u00edritus, que han de ser mutuamente convertibles: todo cuerpo es un esp\u00edritu condensado y todo esp\u00edritu un cuerpo sutilizado, y todos en el camino de la creciente perfecci\u00f3n del universo. Es, adem\u00e1s, este peque\u00f1o y esot\u00e9rico op\u00fasculo el precipitado c\u00e1lido de una corta trayectoria personal de meditaci\u00f3n y dolor.<\/p>\n\n\n\n<div class=\"wp-block-buttons is-horizontal is-content-justification-center is-layout-flex wp-container-core-buttons-is-layout-499968f5 wp-block-buttons-is-layout-flex\">\n<div class=\"wp-block-button\"><a class=\"wp-block-button__link wp-element-button\" href=\"https:\/\/www.amazon.es\/dp\/8409427273\/ref=sr_1_6?qid=1665588921&amp;refinements=p_27%3ABernardino+Orio+de+Miguel&amp;s=books&amp;sr=1-6\">lo quiero<\/a><\/div>\n<\/div>\n<\/div><\/div>\n","protected":false},"excerpt":{"rendered":"","protected":false},"author":1,"featured_media":0,"parent":16,"menu_order":0,"comment_status":"closed","ping_status":"closed","template":"","meta":{"footnotes":""},"class_list":["post-1710","page","type-page","status-publish","hentry"],"_links":{"self":[{"href":"http:\/\/oriodemiguel.com\/index.php?rest_route=\/wp\/v2\/pages\/1710","targetHints":{"allow":["GET"]}}],"collection":[{"href":"http:\/\/oriodemiguel.com\/index.php?rest_route=\/wp\/v2\/pages"}],"about":[{"href":"http:\/\/oriodemiguel.com\/index.php?rest_route=\/wp\/v2\/types\/page"}],"author":[{"embeddable":true,"href":"http:\/\/oriodemiguel.com\/index.php?rest_route=\/wp\/v2\/users\/1"}],"replies":[{"embeddable":true,"href":"http:\/\/oriodemiguel.com\/index.php?rest_route=%2Fwp%2Fv2%2Fcomments&post=1710"}],"version-history":[{"count":6,"href":"http:\/\/oriodemiguel.com\/index.php?rest_route=\/wp\/v2\/pages\/1710\/revisions"}],"predecessor-version":[{"id":1849,"href":"http:\/\/oriodemiguel.com\/index.php?rest_route=\/wp\/v2\/pages\/1710\/revisions\/1849"}],"up":[{"embeddable":true,"href":"http:\/\/oriodemiguel.com\/index.php?rest_route=\/wp\/v2\/pages\/16"}],"wp:attachment":[{"href":"http:\/\/oriodemiguel.com\/index.php?rest_route=%2Fwp%2Fv2%2Fmedia&parent=1710"}],"curies":[{"name":"wp","href":"https:\/\/api.w.org\/{rel}","templated":true}]}}