{"id":24,"date":"2021-04-14T11:12:36","date_gmt":"2021-04-14T09:12:36","guid":{"rendered":"https:\/\/oriodemiguel.com\/?page_id=24"},"modified":"2021-04-21T17:57:06","modified_gmt":"2021-04-21T15:57:06","slug":"enlaces-de-interes","status":"publish","type":"page","link":"http:\/\/oriodemiguel.com\/?page_id=24","title":{"rendered":"ENLACES DE INTER\u00c9S"},"content":{"rendered":"\n<div class=\"wp-block-media-text alignwide is-stacked-on-mobile\"><figure class=\"wp-block-media-text__media\"><img loading=\"lazy\" decoding=\"async\" width=\"780\" height=\"390\" src=\"http:\/\/oriodemiguel.com\/wp-content\/uploads\/2021\/04\/Leibnizportra\u0308t_panorama.jpg\" alt=\"Retrato de Gottfried Wilhelm Leibniz en la Biblioteca pu\u0301blica de Hannover (Baja Sajonia)\" class=\"wp-image-88 size-full\" srcset=\"http:\/\/oriodemiguel.com\/wp-content\/uploads\/2021\/04\/Leibnizportra\u0308t_panorama.jpg 780w, http:\/\/oriodemiguel.com\/wp-content\/uploads\/2021\/04\/Leibnizportra\u0308t_panorama-300x150.jpg 300w, http:\/\/oriodemiguel.com\/wp-content\/uploads\/2021\/04\/Leibnizportra\u0308t_panorama-768x384.jpg 768w\" sizes=\"auto, (max-width: 780px) 100vw, 780px\" \/><\/figure><div class=\"wp-block-media-text__content\">\n<p><\/p>\n\n\n\n<p><a href=\"http:\/\/www.leibnizsociedad.org\/\">Sociedad Espa\u00f1ola de Leibniz<\/a><\/p>\n\n\n\n<p><a href=\"http:\/\/leibniz.es\/red-iberoamericana-leibniz\/\" data-type=\"URL\" data-id=\"http:\/\/leibniz.es\/red-iberoamericana-leibniz\/\" target=\"_blank\" rel=\"noreferrer noopener\">Red Iberoamericana Leibniz<\/a><\/p>\n\n\n\n<p><a href=\"https:\/\/leibnizedition.de\/\">Leibniz Edition <\/a><\/p>\n\n\n\n<p><a href=\"http:\/\/leibniz.es\/\">Leibniz en Espa\u00f1ol <\/a><\/p>\n\n\n\n<p><a href=\"http:\/\/www.houstoncircle.org\">The Houston Circle<\/a><\/p>\n\n\n\n<p><a href=\"http:\/\/www.leibniz-translations.com\/index2.php\">Leibniz Translation<\/a><\/p>\n\n\n\n<p><a href=\"http:\/\/www.bibliotecahispanicaleibniz.es\" data-type=\"URL\" data-id=\"http:\/\/www.bibliotecahispanicaleibniz.es\">Biblioteca Hisp\u00e1nica Leibniz<\/a><\/p>\n\n\n\n<p><\/p>\n<\/div><\/div>\n","protected":false},"excerpt":{"rendered":"<p>Sociedad Espa\u00f1ola de Leibniz Red Iberoamericana Leibniz Leibniz Edition Leibniz en Espa\u00f1ol The Houston Circle Leibniz Translation Biblioteca Hisp\u00e1nica Leibniz<\/p>\n","protected":false},"author":1,"featured_media":0,"parent":0,"menu_order":0,"comment_status":"closed","ping_status":"closed","template":"","meta":{"footnotes":""},"class_list":["post-24","page","type-page","status-publish","hentry"],"_links":{"self":[{"href":"http:\/\/oriodemiguel.com\/index.php?rest_route=\/wp\/v2\/pages\/24","targetHints":{"allow":["GET"]}}],"collection":[{"href":"http:\/\/oriodemiguel.com\/index.php?rest_route=\/wp\/v2\/pages"}],"about":[{"href":"http:\/\/oriodemiguel.com\/index.php?rest_route=\/wp\/v2\/types\/page"}],"author":[{"embeddable":true,"href":"http:\/\/oriodemiguel.com\/index.php?rest_route=\/wp\/v2\/users\/1"}],"replies":[{"embeddable":true,"href":"http:\/\/oriodemiguel.com\/index.php?rest_route=%2Fwp%2Fv2%2Fcomments&post=24"}],"version-history":[{"count":7,"href":"http:\/\/oriodemiguel.com\/index.php?rest_route=\/wp\/v2\/pages\/24\/revisions"}],"predecessor-version":[{"id":511,"href":"http:\/\/oriodemiguel.com\/index.php?rest_route=\/wp\/v2\/pages\/24\/revisions\/511"}],"wp:attachment":[{"href":"http:\/\/oriodemiguel.com\/index.php?rest_route=%2Fwp%2Fv2%2Fmedia&parent=24"}],"curies":[{"name":"wp","href":"https:\/\/api.w.org\/{rel}","templated":true}]}}