{"id":691,"date":"2021-04-23T16:09:14","date_gmt":"2021-04-23T14:09:14","guid":{"rendered":"https:\/\/oriodemiguel.com\/?page_id=691"},"modified":"2021-05-11T13:49:39","modified_gmt":"2021-05-11T11:49:39","slug":"leibniz-y-el-pensamiento-hermetico","status":"publish","type":"page","link":"http:\/\/oriodemiguel.com\/?page_id=691","title":{"rendered":"LEIBNIZ Y EL PENSAMIENTO HERM\u00c9TICO"},"content":{"rendered":"\n<div class=\"wp-block-media-text alignwide is-stacked-on-mobile is-vertically-aligned-top\"><figure class=\"wp-block-media-text__media\"><img loading=\"lazy\" decoding=\"async\" width=\"717\" height=\"1024\" src=\"http:\/\/oriodemiguel.com\/wp-content\/uploads\/2021\/04\/Leibniz-y-el-pensamiento-herme\u0301tico-Tomo-1-717x1024.jpg\" alt=\"\" class=\"wp-image-605 size-full\" srcset=\"http:\/\/oriodemiguel.com\/wp-content\/uploads\/2021\/04\/Leibniz-y-el-pensamiento-herme\u0301tico-Tomo-1-717x1024.jpg 717w, http:\/\/oriodemiguel.com\/wp-content\/uploads\/2021\/04\/Leibniz-y-el-pensamiento-herme\u0301tico-Tomo-1-210x300.jpg 210w, http:\/\/oriodemiguel.com\/wp-content\/uploads\/2021\/04\/Leibniz-y-el-pensamiento-herme\u0301tico-Tomo-1-768x1097.jpg 768w, http:\/\/oriodemiguel.com\/wp-content\/uploads\/2021\/04\/Leibniz-y-el-pensamiento-herme\u0301tico-Tomo-1-1075x1536.jpg 1075w, http:\/\/oriodemiguel.com\/wp-content\/uploads\/2021\/04\/Leibniz-y-el-pensamiento-herme\u0301tico-Tomo-1.jpg 1114w\" sizes=\"auto, (max-width: 717px) 100vw, 717px\" \/><\/figure><div class=\"wp-block-media-text__content\">\n<h3 class=\"wp-block-heading\"><strong>Leibniz y el pensamiento herm\u00e9tico<\/strong><\/h3>\n\n\n\n<h4 class=\"wp-block-heading\"><strong>A prop\u00f3sito de los \u201cCogitata in Genesim\u201d de F. M. van Helmont<\/strong><\/h4>\n\n\n\n<h5 class=\"wp-block-heading\">Colecci\u00f3n Leibnizius Politechnicus n\u00ba3<\/h5>\n\n\n\n<h5 class=\"wp-block-heading\">Universidad Polit\u00e9cnica de Valencia, 2 vols. 2002<\/h5>\n\n\n\n<h6 class=\"wp-block-heading\"><strong>ISBN:<\/strong> 84-9705-144-0<\/h6>\n\n\n\n<h6 class=\"wp-block-heading\"><strong>Sinopsis: <\/strong><\/h6>\n\n\n\n<p class=\"has-drop-cap\">En la primavera-verano de 1696 F. M. van Helmont (1614-1698), con m\u00e1s de ochenta a\u00f1os a cuestas, \u201ceremita peregrinans\u201d, \u201cphilosophus per unum in quo omnia\u201d &#8212;seg\u00fan gustaba presentarse a s\u00ed mismo, eslogan \u00e9ste \u00faltimo que, dentro de su ambig\u00fcedad, Leibniz compart\u00eda&#8212;, recal\u00f3 en el palacio de Herrenhausen, residencia ducal, a rendir \u00faltima visita a su antigua pupila y amiga, la Electora Sof\u00eda de Hannover, y recordar los viejos tiempos juveniles de La Haya y de Heidelberg. Ahora, despu\u00e9s de tantos a\u00f1os, todas las ma\u00f1anas &#8212;seg\u00fan refiere Leibniz&#8212; se reun\u00edan ambos pensadores en los aposentos de la Electora a deliberar ante ella sobre las emanaciones divinas, la naturaleza o esencia de las cosas, las correspondencias c\u00f3smicas, la curaci\u00f3n de las enfermedades, la transmigraci\u00f3n de las almas, los metales, las plantas, los esp\u00edritus\u2026 Y por las tardes &#8212;vuelve a contarnos Leibniz en su <em>Tagebuch <\/em>de aquellos d\u00edas&#8212; ambos debat\u00edan hasta no poder m\u00e1s sobre estas cosas, de las que el fil\u00f3sofo \u201ctomaba apuntes\u201d.<\/p>\n\n\n\n<p>Fruto de las interminables conversaciones vespertinas de aquel verano memorable fueron, entre otros muchos, los \u201capuntes\u201d que Leibniz iba tomando, al dictado del te\u00f3sofo, sobre los \u201cCuatro Primeros Cap\u00edtulos del <em>G\u00e9nesis<\/em>\u201d, y que fueron editados en \u00c1msterdam, 1697, con van Helmont como autor, bajo el t\u00edtulo <em>\u201cQuaedam Praemeditatae et Consideratae COGITATIONES super quatuor priora Capita libri primi Moysis GENESIS nominati\u201d.<\/em> &nbsp;<\/p>\n\n\n\n<p>Tras los caminos roturados ya en mi anterior tesis doctoral (1988-1993) sobre la profunda dimensi\u00f3n herm\u00e9tico-organicista anticartesiana, poco explorada todav\u00eda, del pensamiento del fil\u00f3sofo de Hannover, el cometido de este nuevo libro fue entonces, en una primera parte, transcribir los manuscritos in\u00e9ditos y el definitivo borrador de las <em>COGITATIONES<\/em>, salido de la pluma de Leibniz, que se public\u00f3 tal como \u00e9l lo dej\u00f3. Y en una segunda parte, profundizar en aquellos aspectos que, desde la interpretaci\u00f3n helmontiana del G\u00e9nesis, se traslucen en la aplicaci\u00f3n que de ellos hace Leibniz a su propio organigrama conceptual, y sus finales divergencias respecto de sus amigos, padre e hijo. Desgraciadamente, este libro (2002) est\u00e1 ya descatalogado y no s\u00e9 si alg\u00fan d\u00eda alg\u00fan editor se atrever\u00e1 con \u00e9l y lo considerar\u00e1 digno de una nueva publicaci\u00f3n. Yo he procurado suplir de alguna manera esta ausencia con otros ensayos posteriores m\u00e1s breves y sint\u00e9ticos, que el lector podr\u00e1 encontrar y discutir en esta nueva p\u00e1gina.<\/p>\n<\/div><\/div>\n","protected":false},"excerpt":{"rendered":"<p>Leibniz y el pensamiento herm\u00e9tico A prop\u00f3sito de los \u201cCogitata in Genesim\u201d de F. M. van Helmont Colecci\u00f3n Leibnizius Politechnicus n\u00ba3 Universidad Polit\u00e9cnica de Valencia, 2 vols. 2002 ISBN: 84-9705-144-0 Sinopsis: En la primavera-verano de 1696 F. M. van Helmont (1614-1698), con m\u00e1s de ochenta a\u00f1os a cuestas, \u201ceremita peregrinans\u201d, \u201cphilosophus per unum in quo [&hellip;]<\/p>\n","protected":false},"author":1,"featured_media":0,"parent":16,"menu_order":0,"comment_status":"closed","ping_status":"closed","template":"","meta":{"footnotes":""},"class_list":["post-691","page","type-page","status-publish","hentry"],"_links":{"self":[{"href":"http:\/\/oriodemiguel.com\/index.php?rest_route=\/wp\/v2\/pages\/691","targetHints":{"allow":["GET"]}}],"collection":[{"href":"http:\/\/oriodemiguel.com\/index.php?rest_route=\/wp\/v2\/pages"}],"about":[{"href":"http:\/\/oriodemiguel.com\/index.php?rest_route=\/wp\/v2\/types\/page"}],"author":[{"embeddable":true,"href":"http:\/\/oriodemiguel.com\/index.php?rest_route=\/wp\/v2\/users\/1"}],"replies":[{"embeddable":true,"href":"http:\/\/oriodemiguel.com\/index.php?rest_route=%2Fwp%2Fv2%2Fcomments&post=691"}],"version-history":[{"count":4,"href":"http:\/\/oriodemiguel.com\/index.php?rest_route=\/wp\/v2\/pages\/691\/revisions"}],"predecessor-version":[{"id":1102,"href":"http:\/\/oriodemiguel.com\/index.php?rest_route=\/wp\/v2\/pages\/691\/revisions\/1102"}],"up":[{"embeddable":true,"href":"http:\/\/oriodemiguel.com\/index.php?rest_route=\/wp\/v2\/pages\/16"}],"wp:attachment":[{"href":"http:\/\/oriodemiguel.com\/index.php?rest_route=%2Fwp%2Fv2%2Fmedia&parent=691"}],"curies":[{"name":"wp","href":"https:\/\/api.w.org\/{rel}","templated":true}]}}