{"id":16,"date":"2021-04-14T11:11:08","date_gmt":"2021-04-14T09:11:08","guid":{"rendered":"https:\/\/oriodemiguel.com\/?page_id=16"},"modified":"2025-10-05T20:26:15","modified_gmt":"2025-10-05T18:26:15","slug":"libros","status":"publish","type":"page","link":"https:\/\/oriodemiguel.com\/?page_id=16","title":{"rendered":"LIBROS"},"content":{"rendered":"\n<div class=\"wp-block-columns is-layout-flex wp-container-core-columns-is-layout-9d6595d7 wp-block-columns-is-layout-flex\">\n<div class=\"wp-block-column is-layout-flow wp-block-column-is-layout-flow\">\n<div class=\"wp-block-media-text alignwide is-stacked-on-mobile is-vertically-aligned-top\"><figure class=\"wp-block-media-text__media\"><img loading=\"lazy\" decoding=\"async\" width=\"726\" height=\"1024\" src=\"http:\/\/oriodemiguel.com\/wp-content\/uploads\/2025\/03\/IMG_6802-726x1024.jpg\" alt=\"\" class=\"wp-image-1993 size-full\" srcset=\"https:\/\/oriodemiguel.com\/wp-content\/uploads\/2025\/03\/IMG_6802-726x1024.jpg 726w, https:\/\/oriodemiguel.com\/wp-content\/uploads\/2025\/03\/IMG_6802-213x300.jpg 213w, https:\/\/oriodemiguel.com\/wp-content\/uploads\/2025\/03\/IMG_6802-768x1083.jpg 768w, https:\/\/oriodemiguel.com\/wp-content\/uploads\/2025\/03\/IMG_6802-1089x1536.jpg 1089w, https:\/\/oriodemiguel.com\/wp-content\/uploads\/2025\/03\/IMG_6802-1453x2048.jpg 1453w, https:\/\/oriodemiguel.com\/wp-content\/uploads\/2025\/03\/IMG_6802-scaled.jpg 1816w\" sizes=\"auto, (max-width: 726px) 100vw, 726px\" \/><\/figure><div class=\"wp-block-media-text__content\">\n<h4 class=\"wp-block-heading\"><strong><a href=\"http:\/\/oriodemiguel.com\/?page_id=1089\">Leibniz. Matem\u00e1tica-F\u00edsica- Metaf\u00edsica. Sobre las correspondencias con Johann Bernoulli, Burcher de Volder y Jacob Hermann<\/a><\/strong><\/h4>\n\n\n\n<p>2007-2025<\/p>\n<\/div><\/div>\n\n\n\n<div class=\"wp-block-media-text alignwide is-stacked-on-mobile is-vertically-aligned-top\"><figure class=\"wp-block-media-text__media\"><img loading=\"lazy\" decoding=\"async\" width=\"739\" height=\"1024\" src=\"http:\/\/oriodemiguel.com\/wp-content\/uploads\/2022\/10\/IMG-5478-739x1024.jpg\" alt=\"\" class=\"wp-image-1685 size-full\" srcset=\"https:\/\/oriodemiguel.com\/wp-content\/uploads\/2022\/10\/IMG-5478-739x1024.jpg 739w, https:\/\/oriodemiguel.com\/wp-content\/uploads\/2022\/10\/IMG-5478-217x300.jpg 217w, https:\/\/oriodemiguel.com\/wp-content\/uploads\/2022\/10\/IMG-5478-768x1064.jpg 768w, https:\/\/oriodemiguel.com\/wp-content\/uploads\/2022\/10\/IMG-5478-1109x1536.jpg 1109w, https:\/\/oriodemiguel.com\/wp-content\/uploads\/2022\/10\/IMG-5478-1478x2048.jpg 1478w, https:\/\/oriodemiguel.com\/wp-content\/uploads\/2022\/10\/IMG-5478.jpg 1614w\" sizes=\"auto, (max-width: 739px) 100vw, 739px\" \/><\/figure><div class=\"wp-block-media-text__content\">\n<h4 class=\"wp-block-heading\"><strong><a href=\"http:\/\/oriodemiguel.com\/?page_id=1710\" data-type=\"URL\" data-id=\"http:\/\/oriodemiguel.com\/?page_id=1710\">La filosof\u00eda de Lady Anne Conway. Un proto Leibniz.<\/a><\/strong><\/h4>\n\n\n\n<p>2022<\/p>\n<\/div><\/div>\n<\/div>\n\n\n\n<div class=\"wp-block-column is-layout-flow wp-block-column-is-layout-flow\">\n<div class=\"wp-block-media-text is-stacked-on-mobile is-vertically-aligned-top\"><figure class=\"wp-block-media-text__media\"><img loading=\"lazy\" decoding=\"async\" width=\"700\" height=\"1024\" src=\"http:\/\/oriodemiguel.com\/wp-content\/uploads\/2024\/01\/portada-libro-frontal-700x1024.jpg\" alt=\"\" class=\"wp-image-1836 size-full\" srcset=\"https:\/\/oriodemiguel.com\/wp-content\/uploads\/2024\/01\/portada-libro-frontal-700x1024.jpg 700w, https:\/\/oriodemiguel.com\/wp-content\/uploads\/2024\/01\/portada-libro-frontal-205x300.jpg 205w, https:\/\/oriodemiguel.com\/wp-content\/uploads\/2024\/01\/portada-libro-frontal-768x1124.jpg 768w, https:\/\/oriodemiguel.com\/wp-content\/uploads\/2024\/01\/portada-libro-frontal-1050x1536.jpg 1050w, https:\/\/oriodemiguel.com\/wp-content\/uploads\/2024\/01\/portada-libro-frontal-1399x2048.jpg 1399w, https:\/\/oriodemiguel.com\/wp-content\/uploads\/2024\/01\/portada-libro-frontal-scaled.jpg 1749w\" sizes=\"auto, (max-width: 700px) 100vw, 700px\" \/><\/figure><div class=\"wp-block-media-text__content\">\n<div class=\"wp-block-group\"><div class=\"wp-block-group__inner-container is-layout-constrained wp-block-group-is-layout-constrained\">\n<h4 class=\"wp-block-heading\"><a href=\"http:\/\/oriodemiguel.com\/?page_id=1846\"><strong>Leibniz y el pensamiento herm\u00e9tico.<\/strong> <\/a><\/h4>\n\n\n\n<h6 class=\"wp-block-heading\">A prop\u00f3sito de las \u00abCogitationes in Genesim\u00bb de F. M van Helmont<\/h6>\n\n\n\n<p>2024<\/p>\n<\/div><\/div>\n\n\n\n<p><\/p>\n\n\n\n<p><\/p>\n<\/div><\/div>\n\n\n\n<div class=\"wp-block-media-text alignwide is-stacked-on-mobile is-vertically-aligned-bottom\"><figure class=\"wp-block-media-text__media\"><img loading=\"lazy\" decoding=\"async\" width=\"720\" height=\"1024\" src=\"http:\/\/oriodemiguel.com\/wp-content\/uploads\/2021\/08\/PORTADA-PARA-WEB-720x1024.jpg\" alt=\"\" class=\"wp-image-1447 size-full\" srcset=\"https:\/\/oriodemiguel.com\/wp-content\/uploads\/2021\/08\/PORTADA-PARA-WEB-720x1024.jpg 720w, https:\/\/oriodemiguel.com\/wp-content\/uploads\/2021\/08\/PORTADA-PARA-WEB-211x300.jpg 211w, https:\/\/oriodemiguel.com\/wp-content\/uploads\/2021\/08\/PORTADA-PARA-WEB-768x1093.jpg 768w, https:\/\/oriodemiguel.com\/wp-content\/uploads\/2021\/08\/PORTADA-PARA-WEB-1079x1536.jpg 1079w, https:\/\/oriodemiguel.com\/wp-content\/uploads\/2021\/08\/PORTADA-PARA-WEB.jpg 1381w\" sizes=\"auto, (max-width: 720px) 100vw, 720px\" \/><\/figure><div class=\"wp-block-media-text__content\">\n<h4 class=\"wp-block-heading has-text-align-left\"><strong><a href=\"https:\/\/oriodemiguel.com\/?page_id=674\">Leibniz. Variaciones sobre La Ciencia General. Textos<\/a><\/strong><\/h4>\n\n\n\n<p>2021<\/p>\n<\/div><\/div>\n<\/div>\n<\/div>\n\n\n\n<div class=\"wp-block-columns is-layout-flex wp-container-core-columns-is-layout-9d6595d7 wp-block-columns-is-layout-flex\">\n<div class=\"wp-block-column is-layout-flow wp-block-column-is-layout-flow\">\n<div class=\"wp-block-columns is-layout-flex wp-container-core-columns-is-layout-9d6595d7 wp-block-columns-is-layout-flex\">\n<div class=\"wp-block-column is-layout-flow wp-block-column-is-layout-flow\">\n<div class=\"wp-block-media-text alignwide is-stacked-on-mobile is-vertically-aligned-top\"><figure class=\"wp-block-media-text__media\"><img loading=\"lazy\" decoding=\"async\" width=\"703\" height=\"1024\" src=\"http:\/\/oriodemiguel.com\/wp-content\/uploads\/2021\/04\/Leibniz.-Correspondencia-III-16A-703x1024.jpg\" alt=\"\" class=\"wp-image-603 size-full\" srcset=\"https:\/\/oriodemiguel.com\/wp-content\/uploads\/2021\/04\/Leibniz.-Correspondencia-III-16A-703x1024.jpg 703w, https:\/\/oriodemiguel.com\/wp-content\/uploads\/2021\/04\/Leibniz.-Correspondencia-III-16A-206x300.jpg 206w, https:\/\/oriodemiguel.com\/wp-content\/uploads\/2021\/04\/Leibniz.-Correspondencia-III-16A-768x1118.jpg 768w, https:\/\/oriodemiguel.com\/wp-content\/uploads\/2021\/04\/Leibniz.-Correspondencia-III-16A-1055x1536.jpg 1055w, https:\/\/oriodemiguel.com\/wp-content\/uploads\/2021\/04\/Leibniz.-Correspondencia-III-16A.jpg 1193w\" sizes=\"auto, (max-width: 703px) 100vw, 703px\" \/><\/figure><div class=\"wp-block-media-text__content\">\n<h4 class=\"wp-block-heading has-text-align-left\"><strong><a href=\"https:\/\/oriodemiguel.com\/?page_id=678\">G. W Leibniz. Obras filos\u00f3ficas y cient\u00edficas. Correspondencia III. 16A<\/a><\/strong><\/h4>\n\n\n\n<p>COMARES, 2011<\/p>\n<\/div><\/div>\n<\/div>\n\n\n\n<div class=\"wp-block-column is-layout-flow wp-block-column-is-layout-flow\">\n<div class=\"wp-block-media-text alignwide is-stacked-on-mobile is-vertically-aligned-top\"><figure class=\"wp-block-media-text__media\"><img loading=\"lazy\" decoding=\"async\" width=\"707\" height=\"1024\" src=\"http:\/\/oriodemiguel.com\/wp-content\/uploads\/2021\/04\/Leibniz.-Correspondencia-III-16B-707x1024.jpg\" alt=\"\" class=\"wp-image-607 size-full\" srcset=\"https:\/\/oriodemiguel.com\/wp-content\/uploads\/2021\/04\/Leibniz.-Correspondencia-III-16B-707x1024.jpg 707w, https:\/\/oriodemiguel.com\/wp-content\/uploads\/2021\/04\/Leibniz.-Correspondencia-III-16B-207x300.jpg 207w, https:\/\/oriodemiguel.com\/wp-content\/uploads\/2021\/04\/Leibniz.-Correspondencia-III-16B-768x1112.jpg 768w, https:\/\/oriodemiguel.com\/wp-content\/uploads\/2021\/04\/Leibniz.-Correspondencia-III-16B-1061x1536.jpg 1061w, https:\/\/oriodemiguel.com\/wp-content\/uploads\/2021\/04\/Leibniz.-Correspondencia-III-16B.jpg 1199w\" sizes=\"auto, (max-width: 707px) 100vw, 707px\" \/><\/figure><div class=\"wp-block-media-text__content\">\n<h4 class=\"wp-block-heading\"><a href=\"https:\/\/oriodemiguel.com\/?page_id=686\"><strong>G. W Leibniz. Obras filos\u00f3ficas y cient\u00edficas. Correspondencia III. 16<\/strong>B<\/a><\/h4>\n\n\n\n<p>COMARES, 2011<\/p>\n<\/div><\/div>\n<\/div>\n<\/div>\n<\/div>\n<\/div>\n\n\n\n<div class=\"wp-block-columns is-layout-flex wp-container-core-columns-is-layout-9d6595d7 wp-block-columns-is-layout-flex\">\n<div class=\"wp-block-column is-layout-flow wp-block-column-is-layout-flow\">\n<div class=\"wp-block-media-text alignwide is-stacked-on-mobile is-vertically-aligned-center\"><figure class=\"wp-block-media-text__media\"><img loading=\"lazy\" decoding=\"async\" width=\"730\" height=\"1024\" src=\"http:\/\/oriodemiguel.com\/wp-content\/uploads\/2022\/10\/Leibniz.-Critica-de-la-razon-simbolica-730x1024.jpg\" alt=\"\" class=\"wp-image-1696 size-full\" srcset=\"https:\/\/oriodemiguel.com\/wp-content\/uploads\/2022\/10\/Leibniz.-Critica-de-la-razon-simbolica-730x1024.jpg 730w, https:\/\/oriodemiguel.com\/wp-content\/uploads\/2022\/10\/Leibniz.-Critica-de-la-razon-simbolica-214x300.jpg 214w, https:\/\/oriodemiguel.com\/wp-content\/uploads\/2022\/10\/Leibniz.-Critica-de-la-razon-simbolica-768x1077.jpg 768w, https:\/\/oriodemiguel.com\/wp-content\/uploads\/2022\/10\/Leibniz.-Critica-de-la-razon-simbolica-1095x1536.jpg 1095w, https:\/\/oriodemiguel.com\/wp-content\/uploads\/2022\/10\/Leibniz.-Critica-de-la-razon-simbolica.jpg 1098w\" sizes=\"auto, (max-width: 730px) 100vw, 730px\" \/><\/figure><div class=\"wp-block-media-text__content\">\n<h4 class=\"wp-block-heading\"><strong><a href=\"https:\/\/oriodemiguel.com\/?page_id=653\">Leibniz. Cr\u00edtica de la raz\u00f3n simb\u00f3lica<\/a><\/strong><\/h4>\n\n\n\n<p>COMARES, 2011<\/p>\n<\/div><\/div>\n<\/div>\n\n\n\n<div class=\"wp-block-column is-layout-flow wp-block-column-is-layout-flow\">\n<div class=\"wp-block-media-text alignwide is-stacked-on-mobile is-vertically-aligned-center\"><figure class=\"wp-block-media-text__media\"><img loading=\"lazy\" decoding=\"async\" width=\"725\" height=\"1024\" src=\"http:\/\/oriodemiguel.com\/wp-content\/uploads\/2022\/10\/La-filosofia-de-Lady-Anne-Conway-un-proto-Leibniz-725x1024.jpg\" alt=\"\" class=\"wp-image-1693 size-full\" srcset=\"https:\/\/oriodemiguel.com\/wp-content\/uploads\/2022\/10\/La-filosofia-de-Lady-Anne-Conway-un-proto-Leibniz-725x1024.jpg 725w, https:\/\/oriodemiguel.com\/wp-content\/uploads\/2022\/10\/La-filosofia-de-Lady-Anne-Conway-un-proto-Leibniz-213x300.jpg 213w, https:\/\/oriodemiguel.com\/wp-content\/uploads\/2022\/10\/La-filosofia-de-Lady-Anne-Conway-un-proto-Leibniz-768x1084.jpg 768w, https:\/\/oriodemiguel.com\/wp-content\/uploads\/2022\/10\/La-filosofia-de-Lady-Anne-Conway-un-proto-Leibniz-1088x1536.jpg 1088w, https:\/\/oriodemiguel.com\/wp-content\/uploads\/2022\/10\/La-filosofia-de-Lady-Anne-Conway-un-proto-Leibniz.jpg 1108w\" sizes=\"auto, (max-width: 725px) 100vw, 725px\" \/><\/figure><div class=\"wp-block-media-text__content\">\n<h4 class=\"wp-block-heading\"><strong><a href=\"https:\/\/oriodemiguel.com\/?page_id=659\">La filosof\u00eda de Lady Anne Conway, un proto-Leibniz<\/a><\/strong><\/h4>\n\n\n\n<p>UNIVERSIDAD POLITECNICA DE VALENCIA, 2004<\/p>\n<\/div><\/div>\n<\/div>\n<\/div>\n\n\n\n<div class=\"wp-block-columns is-layout-flex wp-container-core-columns-is-layout-9d6595d7 wp-block-columns-is-layout-flex\">\n<div class=\"wp-block-column is-layout-flow wp-block-column-is-layout-flow\">\n<div class=\"wp-block-media-text alignwide is-stacked-on-mobile is-vertically-aligned-center\"><figure class=\"wp-block-media-text__media\"><img loading=\"lazy\" decoding=\"async\" width=\"717\" height=\"1024\" src=\"http:\/\/oriodemiguel.com\/wp-content\/uploads\/2022\/10\/Leibniz-y-el-pensamiento-hermetico-Tomo-1-717x1024.jpg\" alt=\"\" class=\"wp-image-1694 size-full\" srcset=\"https:\/\/oriodemiguel.com\/wp-content\/uploads\/2022\/10\/Leibniz-y-el-pensamiento-hermetico-Tomo-1-717x1024.jpg 717w, https:\/\/oriodemiguel.com\/wp-content\/uploads\/2022\/10\/Leibniz-y-el-pensamiento-hermetico-Tomo-1-210x300.jpg 210w, https:\/\/oriodemiguel.com\/wp-content\/uploads\/2022\/10\/Leibniz-y-el-pensamiento-hermetico-Tomo-1-768x1097.jpg 768w, https:\/\/oriodemiguel.com\/wp-content\/uploads\/2022\/10\/Leibniz-y-el-pensamiento-hermetico-Tomo-1-1075x1536.jpg 1075w, https:\/\/oriodemiguel.com\/wp-content\/uploads\/2022\/10\/Leibniz-y-el-pensamiento-hermetico-Tomo-1.jpg 1114w\" sizes=\"auto, (max-width: 717px) 100vw, 717px\" \/><\/figure><div class=\"wp-block-media-text__content\">\n<h4 class=\"wp-block-heading\"><strong><a href=\"http:\/\/oriodemiguel.com\/?page_id=691\">Leibniz y el pensamiento herm\u00e9tico. Tomo 1<\/a><\/strong><\/h4>\n\n\n\n<p>UNIVERSIDAD POLITECNICA DE VALENCIA, 2002<\/p>\n<\/div><\/div>\n<\/div>\n\n\n\n<div class=\"wp-block-column is-layout-flow wp-block-column-is-layout-flow\">\n<div class=\"wp-block-media-text alignwide is-stacked-on-mobile is-vertically-aligned-center\"><figure class=\"wp-block-media-text__media\"><img loading=\"lazy\" decoding=\"async\" width=\"709\" height=\"1024\" src=\"http:\/\/oriodemiguel.com\/wp-content\/uploads\/2022\/10\/Leibniz-y-el-pensamiento-hermetico-Tomo-2-709x1024.jpg\" alt=\"\" class=\"wp-image-1695 size-full\" srcset=\"https:\/\/oriodemiguel.com\/wp-content\/uploads\/2022\/10\/Leibniz-y-el-pensamiento-hermetico-Tomo-2-709x1024.jpg 709w, https:\/\/oriodemiguel.com\/wp-content\/uploads\/2022\/10\/Leibniz-y-el-pensamiento-hermetico-Tomo-2-208x300.jpg 208w, https:\/\/oriodemiguel.com\/wp-content\/uploads\/2022\/10\/Leibniz-y-el-pensamiento-hermetico-Tomo-2-768x1109.jpg 768w, https:\/\/oriodemiguel.com\/wp-content\/uploads\/2022\/10\/Leibniz-y-el-pensamiento-hermetico-Tomo-2-1064x1536.jpg 1064w, https:\/\/oriodemiguel.com\/wp-content\/uploads\/2022\/10\/Leibniz-y-el-pensamiento-hermetico-Tomo-2.jpg 1104w\" sizes=\"auto, (max-width: 709px) 100vw, 709px\" \/><\/figure><div class=\"wp-block-media-text__content\">\n<h4 class=\"wp-block-heading\"><strong><a href=\"http:\/\/oriodemiguel.com\/?page_id=691\">Leibniz y el pensamiento herm\u00e9tico.Tomo 2<\/a><\/strong><\/h4>\n\n\n\n<p>UNIVERSIDAD POLITECNICA DE VALENCIA, 2002<\/p>\n<\/div><\/div>\n<\/div>\n<\/div>\n\n\n\n<div class=\"wp-block-columns is-layout-flex wp-container-core-columns-is-layout-9d6595d7 wp-block-columns-is-layout-flex\">\n<div class=\"wp-block-column is-layout-flow wp-block-column-is-layout-flow\"><\/div>\n\n\n\n<div class=\"wp-block-column is-layout-flow wp-block-column-is-layout-flow\">\n<div class=\"wp-block-columns is-layout-flex wp-container-core-columns-is-layout-9d6595d7 wp-block-columns-is-layout-flex\">\n<div class=\"wp-block-column is-layout-flow wp-block-column-is-layout-flow\" style=\"flex-basis:100%\">\n<div class=\"wp-block-columns is-layout-flex wp-container-core-columns-is-layout-9d6595d7 wp-block-columns-is-layout-flex\">\n<div class=\"wp-block-column is-vertically-aligned-top is-layout-flow wp-block-column-is-layout-flow\" style=\"flex-basis:100%\">\n<div class=\"wp-block-columns is-layout-flex wp-container-core-columns-is-layout-9d6595d7 wp-block-columns-is-layout-flex\">\n<div class=\"wp-block-column is-layout-flow wp-block-column-is-layout-flow\" style=\"flex-basis:100%\"><\/div>\n<\/div>\n<\/div>\n<\/div>\n<\/div>\n<\/div>\n<\/div>\n<\/div>\n","protected":false},"excerpt":{"rendered":"<p>Leibniz. Matem\u00e1tica-F\u00edsica- Metaf\u00edsica. Sobre las correspondencias con Johann Bernoulli, Burcher de Volder y Jacob Hermann 2007-2025 La filosof\u00eda de Lady Anne Conway. Un proto Leibniz. 2022 Leibniz y el pensamiento herm\u00e9tico. A prop\u00f3sito de las \u00abCogitationes in Genesim\u00bb de F. M van Helmont 2024 Leibniz. Variaciones sobre La Ciencia General. Textos 2021 G. W Leibniz. [&hellip;]<\/p>\n","protected":false},"author":1,"featured_media":0,"parent":14,"menu_order":0,"comment_status":"closed","ping_status":"open","template":"","meta":{"footnotes":""},"class_list":["post-16","page","type-page","status-publish","hentry"],"_links":{"self":[{"href":"https:\/\/oriodemiguel.com\/index.php?rest_route=\/wp\/v2\/pages\/16","targetHints":{"allow":["GET"]}}],"collection":[{"href":"https:\/\/oriodemiguel.com\/index.php?rest_route=\/wp\/v2\/pages"}],"about":[{"href":"https:\/\/oriodemiguel.com\/index.php?rest_route=\/wp\/v2\/types\/page"}],"author":[{"embeddable":true,"href":"https:\/\/oriodemiguel.com\/index.php?rest_route=\/wp\/v2\/users\/1"}],"replies":[{"embeddable":true,"href":"https:\/\/oriodemiguel.com\/index.php?rest_route=%2Fwp%2Fv2%2Fcomments&post=16"}],"version-history":[{"count":79,"href":"https:\/\/oriodemiguel.com\/index.php?rest_route=\/wp\/v2\/pages\/16\/revisions"}],"predecessor-version":[{"id":24871,"href":"https:\/\/oriodemiguel.com\/index.php?rest_route=\/wp\/v2\/pages\/16\/revisions\/24871"}],"up":[{"embeddable":true,"href":"https:\/\/oriodemiguel.com\/index.php?rest_route=\/wp\/v2\/pages\/14"}],"wp:attachment":[{"href":"https:\/\/oriodemiguel.com\/index.php?rest_route=%2Fwp%2Fv2%2Fmedia&parent=16"}],"curies":[{"name":"wp","href":"https:\/\/api.w.org\/{rel}","templated":true}]}}