{"id":659,"date":"2021-04-23T15:23:56","date_gmt":"2021-04-23T13:23:56","guid":{"rendered":"https:\/\/oriodemiguel.com\/?page_id=659"},"modified":"2022-05-19T12:43:25","modified_gmt":"2022-05-19T10:43:25","slug":"la-filosofia-de-lady-anne-conway-un-proto-leibniz-2","status":"publish","type":"page","link":"https:\/\/oriodemiguel.com\/?page_id=659","title":{"rendered":"LA FILOSOF\u00cdA DE LADY ANNE CONWAY, UN PROTO-LEIBNIZ"},"content":{"rendered":"\n<div class=\"wp-block-media-text alignwide is-stacked-on-mobile\"><figure class=\"wp-block-media-text__media\"><img loading=\"lazy\" decoding=\"async\" width=\"725\" height=\"1024\" src=\"http:\/\/oriodemiguel.com\/wp-content\/uploads\/2022\/05\/La-filosofia-de-Lady-Anne-Conway-un-proto-Leibniz-725x1024.jpg\" alt=\"\" class=\"wp-image-1578 size-full\" srcset=\"https:\/\/oriodemiguel.com\/wp-content\/uploads\/2022\/05\/La-filosofia-de-Lady-Anne-Conway-un-proto-Leibniz-725x1024.jpg 725w, https:\/\/oriodemiguel.com\/wp-content\/uploads\/2022\/05\/La-filosofia-de-Lady-Anne-Conway-un-proto-Leibniz-213x300.jpg 213w, https:\/\/oriodemiguel.com\/wp-content\/uploads\/2022\/05\/La-filosofia-de-Lady-Anne-Conway-un-proto-Leibniz-768x1084.jpg 768w, https:\/\/oriodemiguel.com\/wp-content\/uploads\/2022\/05\/La-filosofia-de-Lady-Anne-Conway-un-proto-Leibniz-1088x1536.jpg 1088w, https:\/\/oriodemiguel.com\/wp-content\/uploads\/2022\/05\/La-filosofia-de-Lady-Anne-Conway-un-proto-Leibniz.jpg 1108w\" sizes=\"auto, (max-width: 725px) 100vw, 725px\" \/><\/figure><div class=\"wp-block-media-text__content\">\n<h3 class=\"wp-block-heading\"><strong>La filosof\u00eda de Lady Anne Conway, un proto Leibniz<\/strong><\/h3>\n\n\n\n<h4 class=\"wp-block-heading\"><strong>\u201cPrincipia Philosophiae Antiquissimae et Recentissimae\u201d<\/strong><\/h4>\n\n\n\n<h5 class=\"wp-block-heading\">Colecci\u00f3n Leibnizius Politechnicus n\u00ba11<\/h5>\n\n\n\n<h5 class=\"wp-block-heading\">Universidad Polit\u00e9cnica de Valencia, 2004 <\/h5>\n\n\n\n<h6 class=\"wp-block-heading\"><strong>ISBN:<\/strong> 84-9705-715-5<\/h6>\n\n\n\n<h6 class=\"wp-block-heading\"><strong>Sinopsis: <\/strong><\/h6>\n\n\n\n<p class=\"has-drop-cap\">Inspirada en las elucubraciones de la k\u00e1bbalah luriana y de los paracelsistas-helmontianos, Lady Conway (1631-1679), precoz lectora de Descartes en la Inglaterra latitudinaria, sintetiza en sus Principia Philosophiae Antiquissimae et Recentissimae, una radical cosmovisi\u00f3n vitalista y monista que es, a la vez, un alegato antidualista frente a Descartes, una encendida reivindicaci\u00f3n espiritualista contra Hobbes y Spinoza, y una sagaz intuici\u00f3n, o quiz\u00e1s superaci\u00f3n, de la futura monadolog\u00eda de Leibniz. No hay, para la vizcondesa, una distinci\u00f3n real, sino s\u00f3lo modal o gradual, entre cuerpos y esp\u00edritus, que han de ser mutuamente convertibles: todo cuerpo es un esp\u00edritu condensado y todo esp\u00edritu un cuerpo sutilizado, y todos en el camino de la creciente perfecci\u00f3n del universo. Es, adem\u00e1s, este peque\u00f1o y esot\u00e9rico op\u00fasculo el precipitado c\u00e1lido de una corta trayectoria personal de meditaci\u00f3n y dolor.<\/p>\n<\/div><\/div>\n","protected":false},"excerpt":{"rendered":"<p>La filosof\u00eda de Lady Anne Conway, un proto Leibniz \u201cPrincipia Philosophiae Antiquissimae et Recentissimae\u201d Colecci\u00f3n Leibnizius Politechnicus n\u00ba11 Universidad Polit\u00e9cnica de Valencia, 2004 ISBN: 84-9705-715-5 Sinopsis: Inspirada en las elucubraciones de la k\u00e1bbalah luriana y de los paracelsistas-helmontianos, Lady Conway (1631-1679), precoz lectora de Descartes en la Inglaterra latitudinaria, sintetiza en sus Principia Philosophiae Antiquissimae [&hellip;]<\/p>\n","protected":false},"author":1,"featured_media":0,"parent":16,"menu_order":0,"comment_status":"closed","ping_status":"closed","template":"","meta":{"footnotes":""},"class_list":["post-659","page","type-page","status-publish","hentry"],"_links":{"self":[{"href":"https:\/\/oriodemiguel.com\/index.php?rest_route=\/wp\/v2\/pages\/659","targetHints":{"allow":["GET"]}}],"collection":[{"href":"https:\/\/oriodemiguel.com\/index.php?rest_route=\/wp\/v2\/pages"}],"about":[{"href":"https:\/\/oriodemiguel.com\/index.php?rest_route=\/wp\/v2\/types\/page"}],"author":[{"embeddable":true,"href":"https:\/\/oriodemiguel.com\/index.php?rest_route=\/wp\/v2\/users\/1"}],"replies":[{"embeddable":true,"href":"https:\/\/oriodemiguel.com\/index.php?rest_route=%2Fwp%2Fv2%2Fcomments&post=659"}],"version-history":[{"count":15,"href":"https:\/\/oriodemiguel.com\/index.php?rest_route=\/wp\/v2\/pages\/659\/revisions"}],"predecessor-version":[{"id":1581,"href":"https:\/\/oriodemiguel.com\/index.php?rest_route=\/wp\/v2\/pages\/659\/revisions\/1581"}],"up":[{"embeddable":true,"href":"https:\/\/oriodemiguel.com\/index.php?rest_route=\/wp\/v2\/pages\/16"}],"wp:attachment":[{"href":"https:\/\/oriodemiguel.com\/index.php?rest_route=%2Fwp%2Fv2%2Fmedia&parent=659"}],"curies":[{"name":"wp","href":"https:\/\/api.w.org\/{rel}","templated":true}]}}