{"id":678,"date":"2021-04-23T15:54:33","date_gmt":"2021-04-23T13:54:33","guid":{"rendered":"https:\/\/oriodemiguel.com\/?page_id=678"},"modified":"2021-05-11T13:37:55","modified_gmt":"2021-05-11T11:37:55","slug":"g-w-leibniz-obras-filosoficas-y-cientificas-correspondencia-iii-16a","status":"publish","type":"page","link":"https:\/\/oriodemiguel.com\/?page_id=678","title":{"rendered":"G.W. LEIBNIZ. OBRAS FILOS\u00d3FICAS Y CIENT\u00cdFICAS. CORRESPONDENCIA III. 16A"},"content":{"rendered":"\n<div class=\"wp-block-media-text alignwide is-stacked-on-mobile is-vertically-aligned-top\"><figure class=\"wp-block-media-text__media\"><img loading=\"lazy\" decoding=\"async\" width=\"703\" height=\"1024\" src=\"http:\/\/oriodemiguel.com\/wp-content\/uploads\/2021\/04\/Leibniz.-Correspondencia-III-16A-703x1024.jpg\" alt=\"\" class=\"wp-image-603 size-full\" srcset=\"https:\/\/oriodemiguel.com\/wp-content\/uploads\/2021\/04\/Leibniz.-Correspondencia-III-16A-703x1024.jpg 703w, https:\/\/oriodemiguel.com\/wp-content\/uploads\/2021\/04\/Leibniz.-Correspondencia-III-16A-206x300.jpg 206w, https:\/\/oriodemiguel.com\/wp-content\/uploads\/2021\/04\/Leibniz.-Correspondencia-III-16A-768x1118.jpg 768w, https:\/\/oriodemiguel.com\/wp-content\/uploads\/2021\/04\/Leibniz.-Correspondencia-III-16A-1055x1536.jpg 1055w, https:\/\/oriodemiguel.com\/wp-content\/uploads\/2021\/04\/Leibniz.-Correspondencia-III-16A.jpg 1193w\" sizes=\"auto, (max-width: 703px) 100vw, 703px\" \/><\/figure><div class=\"wp-block-media-text__content\">\n<h3 class=\"wp-block-heading\">G.W. Leibniz. Obras filos\u00f3ficas y cient\u00edficas. Correspondencia III. 16A<\/h3>\n\n\n\n<h5 class=\"wp-block-heading\">Editorial Comares, 2011<\/h5>\n\n\n\n<h6 class=\"wp-block-heading\"><strong>ISBN: <\/strong>978-84-9836-795-9<\/h6>\n\n\n\n<h6 class=\"wp-block-heading\"><strong>Sinopsis:<\/strong> <\/h6>\n\n\n\n<p class=\"has-drop-cap\">Las dos correspondencias de Leibniz que se contienen en este volumen se traducen aqu\u00ed por primera vez al castellano en su integridad. Dentro de la abrumadora masa de los intercambios epistolares del fil\u00f3sofo y en el contexto de su inmensa producci\u00f3n en todos los terrenos del saber de su \u00e9poca, este hecho ?las dos correspondencias y su traducci\u00f3n?no tendr\u00eda mayor dimensi\u00f3n si no fuera por algunas circunstancias que las hacen singularmente atractivas dentro de su dificultad, y decididamente importantes.<br>Johann Bernoulli (Basilea 1667?1748), hombre de un talento matem\u00e1tico excepcional capaz de dar forma transparente a cualquier problema, agudo polemista y castigador inmisericorde, fue el principal colaborador de Leibniz en sus dos proyectos cient\u00edficos m\u00e1s importantes: el desarrollo interno y difusi\u00f3n social del c\u00e1lculo infinitesimal, y la formulaci\u00f3n matem\u00e1tica de la nueva ciencia din\u00e1mica, ambos proyectos sutilmente integrados en el anhelo universal de aquel Ars Inveniendi y de aquella Scientia Infiniti con la que Leibniz hab\u00eda so\u00f1ado desde su primera juventud. Burcher de Volder (Amsterdam 1643 ? Leiden 1709), var\u00f3n siempre correcto, inteligente y excelente profesor de matem\u00e1tica y f\u00edsica experimental en Leiden, fue el m\u00e1s consistente y certero cr\u00edtico de Leibniz cuando \u00e9ste, dejados atr\u00e1s los principios cartesianos, quiso llevar a sus dos corresponsales por los derroteros de una ciencia y de una metaf\u00edsica literalmente inimaginables. Bernoulli pregunta, critica, propone, resuelve, abre horizontes en cada carta, abruma insaciablemente al matem\u00e1tico Leibniz, pero al fin cede; de Volder tambi\u00e9n pregunta, sugiere, intenta comprender, objeta y vuelve a objetar y, al fin, no cede ante el metaf\u00edsico Leibniz. Bernoulli hace de mediador: tampoco \u00e9l sabe a ciencia cierta qu\u00e9 es eso del principio activo o entelequia y ruega a Leibniz que no se resista m\u00e1s y ofrezca de una vez a su colega y amigo una noci\u00f3n a priori de la activitas de la substancia. El fil\u00f3sofo, al fin, lo hace; pero a posteriori, claro, y a su modo. De Volder, que hab\u00eda puesto su esperanza intelectual en la sabidur\u00eda de aquel gran hombre a fin de poder dar raz\u00f3n emp\u00edrica de la potencia de los cuerpos en sus movimientos, se retira frustrado, y nosotros nos retiramos con \u00e9l amando a Burcher. En efecto, entre todos los m\u00e1s c\u00e9lebres cr\u00edticos de Leibniz, desde Arnauld, Papin, Bayle hasta Clarke, ninguno fue, quiz\u00e1s, tan exigente con el fil\u00f3sofo como lo fue el honesto Burcher de Volder all\u00ed donde m\u00e1s dol\u00eda, y ninguno como \u00e9l lo sac\u00f3 de sus casillas hasta tenerlo contra las cuerdas y forzarle a apurar sus presupuestos y axiomas m\u00e1s que en ning\u00fan otro de sus textos. La lectura de estas 36 Cartas es una experiencia fascinante para quien quiera conocer el pensamiento metaf\u00edsico de Leibniz y la filosof\u00eda del siglo XVII.<\/p>\n\n\n\n<div class=\"wp-block-buttons is-layout-flex wp-block-buttons-is-layout-flex\">\n<div class=\"wp-block-button\"><a class=\"wp-block-button__link\" href=\"https:\/\/www.comares.com\/libro\/correspondencia-iii-volumen-16a_76975\/\" target=\"_blank\" rel=\"noreferrer noopener\">COMPRAR<\/a><\/div>\n<\/div>\n<\/div><\/div>\n","protected":false},"excerpt":{"rendered":"","protected":false},"author":1,"featured_media":0,"parent":16,"menu_order":0,"comment_status":"closed","ping_status":"closed","template":"","meta":{"footnotes":""},"class_list":["post-678","page","type-page","status-publish","hentry"],"_links":{"self":[{"href":"https:\/\/oriodemiguel.com\/index.php?rest_route=\/wp\/v2\/pages\/678","targetHints":{"allow":["GET"]}}],"collection":[{"href":"https:\/\/oriodemiguel.com\/index.php?rest_route=\/wp\/v2\/pages"}],"about":[{"href":"https:\/\/oriodemiguel.com\/index.php?rest_route=\/wp\/v2\/types\/page"}],"author":[{"embeddable":true,"href":"https:\/\/oriodemiguel.com\/index.php?rest_route=\/wp\/v2\/users\/1"}],"replies":[{"embeddable":true,"href":"https:\/\/oriodemiguel.com\/index.php?rest_route=%2Fwp%2Fv2%2Fcomments&post=678"}],"version-history":[{"count":7,"href":"https:\/\/oriodemiguel.com\/index.php?rest_route=\/wp\/v2\/pages\/678\/revisions"}],"predecessor-version":[{"id":1095,"href":"https:\/\/oriodemiguel.com\/index.php?rest_route=\/wp\/v2\/pages\/678\/revisions\/1095"}],"up":[{"embeddable":true,"href":"https:\/\/oriodemiguel.com\/index.php?rest_route=\/wp\/v2\/pages\/16"}],"wp:attachment":[{"href":"https:\/\/oriodemiguel.com\/index.php?rest_route=%2Fwp%2Fv2%2Fmedia&parent=678"}],"curies":[{"name":"wp","href":"https:\/\/api.w.org\/{rel}","templated":true}]}}